{"id":81,"date":"2021-04-29T21:33:02","date_gmt":"2021-04-29T21:33:02","guid":{"rendered":"https:\/\/elenroque.com\/?page_id=81"},"modified":"2021-05-12T21:54:22","modified_gmt":"2021-05-12T21:54:22","slug":"osma-osma-tradition","status":"publish","type":"page","link":"https:\/\/elenroque.com\/index.php\/osma-osma-tradition\/","title":{"rendered":"Osma"},"content":{"rendered":"\n<p>Laboratoires Osma establecida en Craponne, Francia desde 1957 es una empresa familiar que por generaciones cuida el nombre y trabajo de sus antecesores. Su gama es amplia y tiene varias l\u00edneas de producto cada una enfocada a una necesidad espec\u00edfica.<\/p>\n\n\n\n<div class=\"wp-block-media-text alignwide is-stacked-on-mobile\" style=\"grid-template-columns:27% auto\"><figure class=\"wp-block-media-text__media\"><img loading=\"lazy\" width=\"1024\" height=\"1024\" src=\"https:\/\/elenroque.com\/wp-content\/uploads\/2021\/05\/10010-1024x1024.jpg\" alt=\"\" class=\"wp-image-144 size-full\" srcset=\"https:\/\/elenroque.com\/wp-content\/uploads\/2021\/05\/10010-1024x1024.jpg 1024w, https:\/\/elenroque.com\/wp-content\/uploads\/2021\/05\/10010-300x300.jpg 300w, https:\/\/elenroque.com\/wp-content\/uploads\/2021\/05\/10010-150x150.jpg 150w, https:\/\/elenroque.com\/wp-content\/uploads\/2021\/05\/10010-768x768.jpg 768w, https:\/\/elenroque.com\/wp-content\/uploads\/2021\/05\/10010-800x800.jpg 800w, https:\/\/elenroque.com\/wp-content\/uploads\/2021\/05\/10010-1000x1000.jpg 1000w, https:\/\/elenroque.com\/wp-content\/uploads\/2021\/05\/10010-533x533.jpg 533w, https:\/\/elenroque.com\/wp-content\/uploads\/2021\/05\/10010.jpg 1200w\" sizes=\"(max-width: 1024px) 100vw, 1024px\" \/><\/figure><div class=\"wp-block-media-text__content\">\n<p class=\"has-large-font-size\">Osma Rasage <\/p>\n\n\n\n<p>La l\u00ednea Osma Rasage es la m\u00e1s conocida por su famosa piedra de alumbre. Aqui se pueden inclu\u00edr el l\u00e1piz hemost\u00e1tico entre otros muy solicitados productos. <\/p>\n<\/div><\/div>\n\n\n\n<div class=\"wp-block-media-text alignwide has-media-on-the-right is-stacked-on-mobile\" style=\"grid-template-columns:auto 28%\"><figure class=\"wp-block-media-text__media\"><img loading=\"lazy\" width=\"300\" height=\"249\" src=\"https:\/\/elenroque.com\/wp-content\/uploads\/2021\/05\/OsmaTradition.jpg\" alt=\"\" class=\"wp-image-145 size-full\"\/><\/figure><div class=\"wp-block-media-text__content\">\n<p class=\"has-large-font-size\">Osma Tradition<\/p>\n\n\n\n<p>El nuevo milenio trajo consigo una l\u00ednea de productos para antes, durante y despu\u00e9s del afeitado as\u00ed como una gama de productos para el cuidado de la barba y el bigote. Su fino perfume dura muchas horas y es un deleite para los entusiastas del afeitado y las personas que los rodean, pues la fragancia es tenue y elegante.<\/p>\n<\/div><\/div>\n\n\n\n<div class=\"wp-block-media-text alignwide is-stacked-on-mobile\" style=\"grid-template-columns:23% auto\"><figure class=\"wp-block-media-text__media\"><img loading=\"lazy\" width=\"993\" height=\"759\" src=\"https:\/\/elenroque.com\/wp-content\/uploads\/2021\/05\/Logo-Aluna-from-PDF.jpg\" alt=\"\" class=\"wp-image-146 size-full\" srcset=\"https:\/\/elenroque.com\/wp-content\/uploads\/2021\/05\/Logo-Aluna-from-PDF.jpg 993w, https:\/\/elenroque.com\/wp-content\/uploads\/2021\/05\/Logo-Aluna-from-PDF-300x229.jpg 300w, https:\/\/elenroque.com\/wp-content\/uploads\/2021\/05\/Logo-Aluna-from-PDF-768x587.jpg 768w, https:\/\/elenroque.com\/wp-content\/uploads\/2021\/05\/Logo-Aluna-from-PDF-800x611.jpg 800w, https:\/\/elenroque.com\/wp-content\/uploads\/2021\/05\/Logo-Aluna-from-PDF-697x533.jpg 697w\" sizes=\"(max-width: 993px) 100vw, 993px\" \/><\/figure><div class=\"wp-block-media-text__content\">\n<p class=\"has-large-font-size\">Aluna<\/p>\n\n\n\n<p>La gama ALUNA busca unificar el alumbre y el cuidado personal, tanto masculino como femenino. Una fina selecci\u00f3n de productos desodorantes, desmaquillantes, astringentes, tonificantes para ayudar a cuidaar la piel. Algunos productos cuentan con algunas certificaciones CosmoNat, Cosmebio, EcoCert, entre otras.<\/p>\n<\/div><\/div>\n","protected":false},"excerpt":{"rendered":"<p>Laboratoires Osma establecida en Craponne, Francia desde 1957 es una empresa familiar que por generaciones cuida el nombre y trabajo de sus antecesores. Su gama es amplia y tiene varias l\u00edneas de producto cada una enfocada a una necesidad espec\u00edfica. Osma Rasage La l\u00ednea Osma Rasage es la m\u00e1s conocida por su famosa piedra de [&hellip;]<\/p>\n","protected":false},"author":1,"featured_media":0,"parent":0,"menu_order":0,"comment_status":"closed","ping_status":"closed","template":"","meta":[],"_links":{"self":[{"href":"https:\/\/elenroque.com\/index.php\/wp-json\/wp\/v2\/pages\/81"}],"collection":[{"href":"https:\/\/elenroque.com\/index.php\/wp-json\/wp\/v2\/pages"}],"about":[{"href":"https:\/\/elenroque.com\/index.php\/wp-json\/wp\/v2\/types\/page"}],"author":[{"embeddable":true,"href":"https:\/\/elenroque.com\/index.php\/wp-json\/wp\/v2\/users\/1"}],"replies":[{"embeddable":true,"href":"https:\/\/elenroque.com\/index.php\/wp-json\/wp\/v2\/comments?post=81"}],"version-history":[{"count":3,"href":"https:\/\/elenroque.com\/index.php\/wp-json\/wp\/v2\/pages\/81\/revisions"}],"predecessor-version":[{"id":149,"href":"https:\/\/elenroque.com\/index.php\/wp-json\/wp\/v2\/pages\/81\/revisions\/149"}],"wp:attachment":[{"href":"https:\/\/elenroque.com\/index.php\/wp-json\/wp\/v2\/media?parent=81"}],"curies":[{"name":"wp","href":"https:\/\/api.w.org\/{rel}","templated":true}]}}