{"id":66,"date":"2021-04-29T21:30:04","date_gmt":"2021-04-29T21:30:04","guid":{"rendered":"https:\/\/elenroque.com\/?page_id=66"},"modified":"2021-06-18T16:53:24","modified_gmt":"2021-06-18T16:53:24","slug":"dovo","status":"publish","type":"page","link":"https:\/\/elenroque.com\/index.php\/dovo\/","title":{"rendered":"Dovo \/ Merkur"},"content":{"rendered":"\n<div class=\"wp-block-columns\">\n<div class=\"wp-block-column\" style=\"flex-basis:100%\">\n<div class=\"wp-block-columns\">\n<div class=\"wp-block-column\" style=\"flex-basis:100%\">\n<figure class=\"wp-block-image size-large is-resized\"><img loading=\"lazy\" src=\"https:\/\/elenroque.com\/wp-content\/uploads\/2021\/05\/DOVO-Logo-NEU-1024x328.bmp\" alt=\"\" class=\"wp-image-113\" width=\"294\" height=\"94\" srcset=\"https:\/\/elenroque.com\/wp-content\/uploads\/2021\/05\/DOVO-Logo-NEU-1024x328.bmp 1024w, https:\/\/elenroque.com\/wp-content\/uploads\/2021\/05\/DOVO-Logo-NEU-300x96.bmp 300w, https:\/\/elenroque.com\/wp-content\/uploads\/2021\/05\/DOVO-Logo-NEU-768x246.bmp 768w, https:\/\/elenroque.com\/wp-content\/uploads\/2021\/05\/DOVO-Logo-NEU-1536x491.bmp 1536w, https:\/\/elenroque.com\/wp-content\/uploads\/2021\/05\/DOVO-Logo-NEU-800x256.bmp 800w, https:\/\/elenroque.com\/wp-content\/uploads\/2021\/05\/DOVO-Logo-NEU-1000x320.bmp 1000w, https:\/\/elenroque.com\/wp-content\/uploads\/2021\/05\/DOVO-Logo-NEU.bmp 1772w\" sizes=\"(max-width: 294px) 100vw, 294px\" \/><figcaption>Establecidos en la ciudad de Solingen en 1906 seg\u00fan registros de la ciudad, Dovo Sthalwaren Bracht cumple m\u00e1s de 100 a\u00f1os creando herramientas de alto renombre en el mundo del afeitado y el cuidado personal.<\/figcaption><\/figure>\n<\/div>\n<\/div>\n\n\n\n<figure class=\"wp-block-image size-large is-resized\" id=\"Merkur\"><img loading=\"lazy\" src=\"https:\/\/elenroque.com\/wp-content\/uploads\/2021\/05\/Merkur-Logo-1024x418.bmp\" alt=\"\" class=\"wp-image-111\" width=\"235\" height=\"95\" srcset=\"https:\/\/elenroque.com\/wp-content\/uploads\/2021\/05\/Merkur-Logo-1024x418.bmp 1024w, https:\/\/elenroque.com\/wp-content\/uploads\/2021\/05\/Merkur-Logo-300x122.bmp 300w, https:\/\/elenroque.com\/wp-content\/uploads\/2021\/05\/Merkur-Logo-768x313.bmp 768w, https:\/\/elenroque.com\/wp-content\/uploads\/2021\/05\/Merkur-Logo-1536x627.bmp 1536w, https:\/\/elenroque.com\/wp-content\/uploads\/2021\/05\/Merkur-Logo-800x326.bmp 800w, https:\/\/elenroque.com\/wp-content\/uploads\/2021\/05\/Merkur-Logo-1000x408.bmp 1000w, https:\/\/elenroque.com\/wp-content\/uploads\/2021\/05\/Merkur-Logo.bmp 1772w\" sizes=\"(max-width: 235px) 100vw, 235px\" \/><figcaption>En 1996 agregan a su portafolio la marca Merkur para incrementar su presencia en el mercado del afeitado tradicional adicionando la desde entonces reconocida marca.<\/figcaption><\/figure>\n<\/div>\n<\/div>\n","protected":false},"excerpt":{"rendered":"","protected":false},"author":1,"featured_media":0,"parent":0,"menu_order":0,"comment_status":"closed","ping_status":"closed","template":"templates\/page-full.php","meta":[],"_links":{"self":[{"href":"https:\/\/elenroque.com\/index.php\/wp-json\/wp\/v2\/pages\/66"}],"collection":[{"href":"https:\/\/elenroque.com\/index.php\/wp-json\/wp\/v2\/pages"}],"about":[{"href":"https:\/\/elenroque.com\/index.php\/wp-json\/wp\/v2\/types\/page"}],"author":[{"embeddable":true,"href":"https:\/\/elenroque.com\/index.php\/wp-json\/wp\/v2\/users\/1"}],"replies":[{"embeddable":true,"href":"https:\/\/elenroque.com\/index.php\/wp-json\/wp\/v2\/comments?post=66"}],"version-history":[{"count":6,"href":"https:\/\/elenroque.com\/index.php\/wp-json\/wp\/v2\/pages\/66\/revisions"}],"predecessor-version":[{"id":166,"href":"https:\/\/elenroque.com\/index.php\/wp-json\/wp\/v2\/pages\/66\/revisions\/166"}],"wp:attachment":[{"href":"https:\/\/elenroque.com\/index.php\/wp-json\/wp\/v2\/media?parent=66"}],"curies":[{"name":"wp","href":"https:\/\/api.w.org\/{rel}","templated":true}]}}