{"id":59,"date":"2021-04-29T21:24:07","date_gmt":"2021-04-29T21:24:07","guid":{"rendered":"https:\/\/elenroque.com\/?page_id=59"},"modified":"2021-05-12T16:58:29","modified_gmt":"2021-05-12T16:58:29","slug":"feather","status":"publish","type":"page","link":"https:\/\/elenroque.com\/index.php\/feather\/","title":{"rendered":"Feather"},"content":{"rendered":"\n<div class=\"wp-block-media-text alignwide is-stacked-on-mobile\" style=\"grid-template-columns:33% auto\"><figure class=\"wp-block-media-text__media\"><img loading=\"lazy\" width=\"700\" height=\"458\" src=\"https:\/\/elenroque.com\/wp-content\/uploads\/2021\/05\/FEATHER-LOGO-1.jpg\" alt=\"\" class=\"wp-image-125 size-full\"\/><\/figure><div class=\"wp-block-media-text__content\">\n<p class=\"has-medium-font-size\">Establecida en 1932 en Jap\u00f3n, Feather desde entonces ha esablecido renombre por medio de su reconocida calidad en su materia prima y producto terminado. Con tres plantas y un centro de investigaci\u00f3n y desarrollo, Feather provee al mundo con herramental indispensable para un gran n\u00famero de actividades econ\u00f3micas.<\/p>\n<\/div><\/div>\n\n\n\n<div class=\"wp-block-group\"><div class=\"wp-block-group__inner-container\">\n<div class=\"wp-block-columns\">\n<div class=\"wp-block-column\" style=\"flex-basis:100%\">\n<div class=\"wp-block-media-text alignwide is-stacked-on-mobile\" style=\"grid-template-columns:26% auto\"><figure class=\"wp-block-media-text__media\"><img loading=\"lazy\" width=\"1024\" height=\"1024\" src=\"https:\/\/elenroque.com\/wp-content\/uploads\/2021\/05\/10004-1-1024x1024.jpg\" alt=\"\" class=\"wp-image-131 size-full\" srcset=\"https:\/\/elenroque.com\/wp-content\/uploads\/2021\/05\/10004-1.jpg 1024w, https:\/\/elenroque.com\/wp-content\/uploads\/2021\/05\/10004-1-300x300.jpg 300w, https:\/\/elenroque.com\/wp-content\/uploads\/2021\/05\/10004-1-150x150.jpg 150w, https:\/\/elenroque.com\/wp-content\/uploads\/2021\/05\/10004-1-768x768.jpg 768w, https:\/\/elenroque.com\/wp-content\/uploads\/2021\/05\/10004-1-800x800.jpg 800w, https:\/\/elenroque.com\/wp-content\/uploads\/2021\/05\/10004-1-1000x1000.jpg 1000w, https:\/\/elenroque.com\/wp-content\/uploads\/2021\/05\/10004-1-533x533.jpg 533w\" sizes=\"(max-width: 1024px) 100vw, 1024px\" \/><\/figure><div class=\"wp-block-media-text__content\">\n<p class=\"has-large-font-size\">Afeitado<\/p>\n\n\n\n<p>Gama de productos para particulares y profesionales. Hojas desechables, rastrillos, portahojas entre otros.<\/p>\n<\/div><\/div>\n<\/div>\n<\/div>\n<\/div><\/div>\n\n\n\n<div class=\"wp-block-media-text alignwide has-media-on-the-right is-stacked-on-mobile\" style=\"grid-template-columns:auto 31%\"><figure class=\"wp-block-media-text__media\"><img loading=\"lazy\" width=\"1024\" height=\"1024\" src=\"https:\/\/elenroque.com\/wp-content\/uploads\/2021\/05\/10653-1024x1024.jpg\" alt=\"\" class=\"wp-image-134 size-full\" srcset=\"https:\/\/elenroque.com\/wp-content\/uploads\/2021\/05\/10653-1024x1024.jpg 1024w, https:\/\/elenroque.com\/wp-content\/uploads\/2021\/05\/10653-300x300.jpg 300w, https:\/\/elenroque.com\/wp-content\/uploads\/2021\/05\/10653-150x150.jpg 150w, https:\/\/elenroque.com\/wp-content\/uploads\/2021\/05\/10653-768x768.jpg 768w, https:\/\/elenroque.com\/wp-content\/uploads\/2021\/05\/10653-1536x1536.jpg 1536w, https:\/\/elenroque.com\/wp-content\/uploads\/2021\/05\/10653-2048x2048.jpg 2048w, https:\/\/elenroque.com\/wp-content\/uploads\/2021\/05\/10653-800x800.jpg 800w, https:\/\/elenroque.com\/wp-content\/uploads\/2021\/05\/10653-1000x1000.jpg 1000w, https:\/\/elenroque.com\/wp-content\/uploads\/2021\/05\/10653-533x533.jpg 533w\" sizes=\"(max-width: 1024px) 100vw, 1024px\" \/><\/figure><div class=\"wp-block-media-text__content\">\n<p class=\"has-large-font-size\">Belleza<\/p>\n\n\n\n<p>L\u00ednea de porta hojas Styling Razor con amplia variedad de colores, estilos y tipos de hoja.<\/p>\n<\/div><\/div>\n\n\n\n<div class=\"wp-block-media-text alignwide is-stacked-on-mobile\" style=\"grid-template-columns:40% auto\"><figure class=\"wp-block-media-text__media\"><img loading=\"lazy\" width=\"1024\" height=\"1024\" src=\"https:\/\/elenroque.com\/wp-content\/uploads\/2021\/05\/10851-1024x1024.jpeg\" alt=\"\" class=\"wp-image-133 size-full\" srcset=\"https:\/\/elenroque.com\/wp-content\/uploads\/2021\/05\/10851-1024x1024.jpeg 1024w, https:\/\/elenroque.com\/wp-content\/uploads\/2021\/05\/10851-300x300.jpeg 300w, https:\/\/elenroque.com\/wp-content\/uploads\/2021\/05\/10851-150x150.jpeg 150w, https:\/\/elenroque.com\/wp-content\/uploads\/2021\/05\/10851-768x768.jpeg 768w, https:\/\/elenroque.com\/wp-content\/uploads\/2021\/05\/10851-800x800.jpeg 800w, https:\/\/elenroque.com\/wp-content\/uploads\/2021\/05\/10851-1000x1000.jpeg 1000w, https:\/\/elenroque.com\/wp-content\/uploads\/2021\/05\/10851-533x533.jpeg 533w, https:\/\/elenroque.com\/wp-content\/uploads\/2021\/05\/10851.jpeg 1364w\" sizes=\"(max-width: 1024px) 100vw, 1024px\" \/><\/figure><div class=\"wp-block-media-text__content\">\n<p class=\"has-large-font-size\">Industrial<\/p>\n\n\n\n<p>Hojas para corte industrial: Textil, Papel, Pl\u00e1stico y mucho m\u00e1s. Mas de 30 diferentes tipos de hoja a elegir. El espesor de las hojas de gama industrial es mayor a las hojas de afeitado, lo que le dara una mayor duraci\u00f3n al filo reduciendo as\u00ed la frecuencia de los paros de m\u00e1quina.<\/p>\n<\/div><\/div>\n\n\n\n<p><\/p>\n","protected":false},"excerpt":{"rendered":"<p>Establecida en 1932 en Jap\u00f3n, Feather desde entonces ha esablecido renombre por medio de su reconocida calidad en su materia prima y producto terminado. Con tres plantas y un centro de investigaci\u00f3n y desarrollo, Feather provee al mundo con herramental indispensable para un gran n\u00famero de actividades econ\u00f3micas. Belleza L\u00ednea de porta hojas Styling Razor [&hellip;]<\/p>\n","protected":false},"author":1,"featured_media":0,"parent":0,"menu_order":0,"comment_status":"closed","ping_status":"closed","template":"","meta":[],"_links":{"self":[{"href":"https:\/\/elenroque.com\/index.php\/wp-json\/wp\/v2\/pages\/59"}],"collection":[{"href":"https:\/\/elenroque.com\/index.php\/wp-json\/wp\/v2\/pages"}],"about":[{"href":"https:\/\/elenroque.com\/index.php\/wp-json\/wp\/v2\/types\/page"}],"author":[{"embeddable":true,"href":"https:\/\/elenroque.com\/index.php\/wp-json\/wp\/v2\/users\/1"}],"replies":[{"embeddable":true,"href":"https:\/\/elenroque.com\/index.php\/wp-json\/wp\/v2\/comments?post=59"}],"version-history":[{"count":7,"href":"https:\/\/elenroque.com\/index.php\/wp-json\/wp\/v2\/pages\/59\/revisions"}],"predecessor-version":[{"id":138,"href":"https:\/\/elenroque.com\/index.php\/wp-json\/wp\/v2\/pages\/59\/revisions\/138"}],"wp:attachment":[{"href":"https:\/\/elenroque.com\/index.php\/wp-json\/wp\/v2\/media?parent=59"}],"curies":[{"name":"wp","href":"https:\/\/api.w.org\/{rel}","templated":true}]}}