{"id":57,"date":"2021-04-29T21:23:53","date_gmt":"2021-04-29T21:23:53","guid":{"rendered":"https:\/\/elenroque.com\/?page_id=57"},"modified":"2021-05-25T17:23:19","modified_gmt":"2021-05-25T17:23:19","slug":"omega","status":"publish","type":"page","link":"https:\/\/elenroque.com\/index.php\/omega\/","title":{"rendered":"Omega \/ Via Barberia"},"content":{"rendered":"\n<div class=\"wp-block-group\"><div class=\"wp-block-group__inner-container\">\n<div class=\"wp-block-columns\">\n<div class=\"wp-block-column\">\n<figure class=\"wp-block-image size-large\"><img loading=\"lazy\" width=\"616\" height=\"356\" src=\"https:\/\/elenroque.com\/wp-content\/uploads\/2021\/05\/Logo-Omega.jpg\" alt=\"\" class=\"wp-image-151\" srcset=\"https:\/\/elenroque.com\/wp-content\/uploads\/2021\/05\/Logo-Omega.jpg 616w, https:\/\/elenroque.com\/wp-content\/uploads\/2021\/05\/Logo-Omega-300x173.jpg 300w\" sizes=\"(max-width: 616px) 100vw, 616px\" \/><\/figure>\n\n\n\n<p style=\"font-size:18px\">Omega nace en el a\u00f1o de 1931 en la ciudad de Bologna Italia. Desde entonces ha sido operada por la familia, la cual hoy se encuentra en su cuarta generaci\u00f3n. En estos a\u00f1os ha establecido una hegemon\u00eda en el rubro del afeitado gracias a su alta calidad a precio accesible. Su rango de productos se adapta a todos los gustos: Brochas sint\u00e9ticas, cerda natural, tej\u00f3n, y una gran variedad de mangos para todos los gustos y presupuetos.<\/p>\n<\/div>\n\n\n\n<div class=\"wp-block-column\">\n<div class=\"wp-block-image\"><figure class=\"aligncenter size-large is-resized\"><img loading=\"lazy\" src=\"https:\/\/elenroque.com\/wp-content\/uploads\/2021\/05\/ViaBarberia-1024x1024.jpg\" alt=\"\" class=\"wp-image-152\" width=\"280\" height=\"280\" srcset=\"https:\/\/elenroque.com\/wp-content\/uploads\/2021\/05\/ViaBarberia.jpg 1024w, https:\/\/elenroque.com\/wp-content\/uploads\/2021\/05\/ViaBarberia-300x300.jpg 300w, https:\/\/elenroque.com\/wp-content\/uploads\/2021\/05\/ViaBarberia-150x150.jpg 150w, https:\/\/elenroque.com\/wp-content\/uploads\/2021\/05\/ViaBarberia-768x768.jpg 768w, https:\/\/elenroque.com\/wp-content\/uploads\/2021\/05\/ViaBarberia-800x800.jpg 800w, https:\/\/elenroque.com\/wp-content\/uploads\/2021\/05\/ViaBarberia-1000x1000.jpg 1000w, https:\/\/elenroque.com\/wp-content\/uploads\/2021\/05\/ViaBarberia-533x533.jpg 533w\" sizes=\"(max-width: 280px) 100vw, 280px\" \/><\/figure><\/div>\n\n\n\n<p style=\"font-size:18px\">Via Barberia es la creaci\u00f3n de la misma casa Omega que complementa el rango de afeitado. Esta gama conyeva la misma alta calidad y cuidado que ya conocemos y agregan una creatividad sin igual en su rango con tres aromas: AQUAE, FRUCTI y HERBAE. Estos tres aromas y sus productos tienen una originalidad y calidad que no se compara. <\/p>\n<\/div>\n<\/div>\n<\/div><\/div>\n","protected":false},"excerpt":{"rendered":"","protected":false},"author":1,"featured_media":0,"parent":0,"menu_order":0,"comment_status":"closed","ping_status":"closed","template":"","meta":[],"_links":{"self":[{"href":"https:\/\/elenroque.com\/index.php\/wp-json\/wp\/v2\/pages\/57"}],"collection":[{"href":"https:\/\/elenroque.com\/index.php\/wp-json\/wp\/v2\/pages"}],"about":[{"href":"https:\/\/elenroque.com\/index.php\/wp-json\/wp\/v2\/types\/page"}],"author":[{"embeddable":true,"href":"https:\/\/elenroque.com\/index.php\/wp-json\/wp\/v2\/users\/1"}],"replies":[{"embeddable":true,"href":"https:\/\/elenroque.com\/index.php\/wp-json\/wp\/v2\/comments?post=57"}],"version-history":[{"count":3,"href":"https:\/\/elenroque.com\/index.php\/wp-json\/wp\/v2\/pages\/57\/revisions"}],"predecessor-version":[{"id":153,"href":"https:\/\/elenroque.com\/index.php\/wp-json\/wp\/v2\/pages\/57\/revisions\/153"}],"wp:attachment":[{"href":"https:\/\/elenroque.com\/index.php\/wp-json\/wp\/v2\/media?parent=57"}],"curies":[{"name":"wp","href":"https:\/\/api.w.org\/{rel}","templated":true}]}}